{"id":82,"date":"2022-12-09T16:16:17","date_gmt":"2022-12-09T16:16:17","guid":{"rendered":"https:\/\/libertatisprimitiae.nl\/?page_id=82"},"modified":"2022-12-11T09:44:44","modified_gmt":"2022-12-11T09:44:44","slug":"erelid","status":"publish","type":"page","link":"https:\/\/libertatisprimitiae.nl\/?page_id=82","title":{"rendered":"Ereleden"},"content":{"rendered":"\n<p>Ereleden zijn leden die zich jarenlang uitermate verdienstelijk hebben gemaakt voor de vereniging&nbsp;<strong>Libertatis Primiti\u00e6<\/strong>&nbsp;en aan wie we veel dank verschuldigd zijn.<\/p>\n\n\n\n<p>Momenteel heeft onze vereniging \u00e9\u00e9n erelid:<\/p>\n\n\n\n<p><strong>Mw. Nanny Smit<\/strong><\/p>\n","protected":false},"excerpt":{"rendered":"<p>Ereleden zijn leden die zich jarenlang uitermate verdienstelijk hebben gemaakt voor de vereniging&nbsp;Libertatis Primiti\u00e6&nbsp;en aan wie we veel dank verschuldigd zijn. Momenteel heeft onze vereniging \u00e9\u00e9n erelid: Mw. Nanny Smit<\/p>\n","protected":false},"author":1,"featured_media":0,"parent":54,"menu_order":1,"comment_status":"closed","ping_status":"closed","template":"","meta":{"footnotes":""},"class_list":["post-82","page","type-page","status-publish","hentry"],"_links":{"self":[{"href":"https:\/\/libertatisprimitiae.nl\/index.php?rest_route=\/wp\/v2\/pages\/82","targetHints":{"allow":["GET"]}}],"collection":[{"href":"https:\/\/libertatisprimitiae.nl\/index.php?rest_route=\/wp\/v2\/pages"}],"about":[{"href":"https:\/\/libertatisprimitiae.nl\/index.php?rest_route=\/wp\/v2\/types\/page"}],"author":[{"embeddable":true,"href":"https:\/\/libertatisprimitiae.nl\/index.php?rest_route=\/wp\/v2\/users\/1"}],"replies":[{"embeddable":true,"href":"https:\/\/libertatisprimitiae.nl\/index.php?rest_route=%2Fwp%2Fv2%2Fcomments&post=82"}],"version-history":[{"count":3,"href":"https:\/\/libertatisprimitiae.nl\/index.php?rest_route=\/wp\/v2\/pages\/82\/revisions"}],"predecessor-version":[{"id":137,"href":"https:\/\/libertatisprimitiae.nl\/index.php?rest_route=\/wp\/v2\/pages\/82\/revisions\/137"}],"up":[{"embeddable":true,"href":"https:\/\/libertatisprimitiae.nl\/index.php?rest_route=\/wp\/v2\/pages\/54"}],"wp:attachment":[{"href":"https:\/\/libertatisprimitiae.nl\/index.php?rest_route=%2Fwp%2Fv2%2Fmedia&parent=82"}],"curies":[{"name":"wp","href":"https:\/\/api.w.org\/{rel}","templated":true}]}}