{"id":89,"date":"2022-12-09T16:35:36","date_gmt":"2022-12-09T16:35:36","guid":{"rendered":"https:\/\/libertatisprimitiae.nl\/?page_id=89"},"modified":"2022-12-11T13:32:15","modified_gmt":"2022-12-11T13:32:15","slug":"geschiedenis-2","status":"publish","type":"page","link":"https:\/\/libertatisprimitiae.nl\/?page_id=89","title":{"rendered":"Geschiedenis"},"content":{"rendered":"\n<h2 class=\"wp-block-heading\">Libertatis Primiti\u00e6 ruim 130 jaar; een hele leeftijd!<\/h2>\n\n\n\n<p><strong>Libertatis Primiti\u00e6<\/strong>&nbsp;is \u00e9\u00e9n van de oudste verenigingen in Brielle en heeft dus een lange, rijke geschiedenis.<\/p>\n\n\n\n<p>Hieronder vindt u een aantal hoogtepunten.<\/p>\n\n\n\n<p><a href=\"https:\/\/libertatisprimitiae.nl\/?page_id=87\">Hoe is het toch allemaal begonnen<\/a><\/p>\n\n\n\n<p><a href=\"https:\/\/libertatisprimitiae.nl\/?page_id=94\">Van turnen naar musiceren<\/a><\/p>\n\n\n\n<p><a href=\"https:\/\/libertatisprimitiae.nl\/?page_id=179\" data-type=\"page\" data-id=\"179\">De Tweede Wereld Oorlog<\/a><\/p>\n\n\n\n<p><a href=\"https:\/\/libertatisprimitiae.nl\/?page_id=152\" data-type=\"page\" data-id=\"152\">Eerste vrouwelijk lid van de vereniging<\/a><\/p>\n\n\n\n<p><a href=\"https:\/\/libertatisprimitiae.nl\/?page_id=155\" data-type=\"page\" data-id=\"155\">Oprichting Tamboerkorps<\/a><\/p>\n\n\n\n<p><a href=\"https:\/\/libertatisprimitiae.nl\/?page_id=158\" data-type=\"page\" data-id=\"158\">Van Majorettekorps tot Twirlers<\/a><\/p>\n\n\n\n<p><a href=\"https:\/\/libertatisprimitiae.nl\/?page_id=162\" data-type=\"page\" data-id=\"162\">Liraband wordt Marching Band<\/a><\/p>\n\n\n\n<p><a href=\"https:\/\/libertatisprimitiae.nl\/?page_id=169\" data-type=\"page\" data-id=\"169\">Big Band &amp; Percussieband<\/a><\/p>\n\n\n\n<p><a href=\"https:\/\/libertatisprimitiae.nl\/?page_id=165\" data-type=\"page\" data-id=\"165\">De toekomst<\/a><\/p>\n","protected":false},"excerpt":{"rendered":"<p>Libertatis Primiti\u00e6 ruim 130 jaar; een hele leeftijd! Libertatis Primiti\u00e6&nbsp;is \u00e9\u00e9n van de oudste verenigingen in Brielle en heeft dus een lange, rijke geschiedenis. Hieronder vindt u een aantal hoogtepunten. [&hellip;]<\/p>\n","protected":false},"author":1,"featured_media":0,"parent":54,"menu_order":5,"comment_status":"closed","ping_status":"closed","template":"","meta":{"footnotes":""},"class_list":["post-89","page","type-page","status-publish","hentry"],"_links":{"self":[{"href":"https:\/\/libertatisprimitiae.nl\/index.php?rest_route=\/wp\/v2\/pages\/89","targetHints":{"allow":["GET"]}}],"collection":[{"href":"https:\/\/libertatisprimitiae.nl\/index.php?rest_route=\/wp\/v2\/pages"}],"about":[{"href":"https:\/\/libertatisprimitiae.nl\/index.php?rest_route=\/wp\/v2\/types\/page"}],"author":[{"embeddable":true,"href":"https:\/\/libertatisprimitiae.nl\/index.php?rest_route=\/wp\/v2\/users\/1"}],"replies":[{"embeddable":true,"href":"https:\/\/libertatisprimitiae.nl\/index.php?rest_route=%2Fwp%2Fv2%2Fcomments&post=89"}],"version-history":[{"count":7,"href":"https:\/\/libertatisprimitiae.nl\/index.php?rest_route=\/wp\/v2\/pages\/89\/revisions"}],"predecessor-version":[{"id":192,"href":"https:\/\/libertatisprimitiae.nl\/index.php?rest_route=\/wp\/v2\/pages\/89\/revisions\/192"}],"up":[{"embeddable":true,"href":"https:\/\/libertatisprimitiae.nl\/index.php?rest_route=\/wp\/v2\/pages\/54"}],"wp:attachment":[{"href":"https:\/\/libertatisprimitiae.nl\/index.php?rest_route=%2Fwp%2Fv2%2Fmedia&parent=89"}],"curies":[{"name":"wp","href":"https:\/\/api.w.org\/{rel}","templated":true}]}}